{"id":15,"date":"2021-07-08T16:11:10","date_gmt":"2021-07-08T16:11:10","guid":{"rendered":"https:\/\/www.tamismakinamermer.com\/?page_id=15"},"modified":"2021-07-12T20:36:43","modified_gmt":"2021-07-12T20:36:43","slug":"urunlerimiz","status":"publish","type":"page","link":"http:\/\/www.tamismakinamermer.com\/index.php\/urunlerimiz\/","title":{"rendered":"\u00dcr\u00fcnlerimiz"},"content":{"rendered":"\t\t<div data-elementor-type=\"wp-page\" data-elementor-id=\"15\" class=\"elementor elementor-15\">\n\t\t\t\t\t\t<section class=\"elementor-section elementor-top-section elementor-element elementor-element-4543b2f elementor-section-stretched elementor-section-boxed elementor-section-height-default elementor-section-height-default\" data-id=\"4543b2f\" data-element_type=\"section\" data-e-type=\"section\" data-settings=\"{&quot;stretch_section&quot;:&quot;section-stretched&quot;}\">\n\t\t\t\t\t\t<div class=\"elementor-container elementor-column-gap-default\">\n\t\t\t\t\t<div class=\"elementor-column elementor-col-100 elementor-top-column elementor-element elementor-element-4c0583b\" data-id=\"4c0583b\" data-element_type=\"column\" data-e-type=\"column\">\n\t\t\t<div class=\"elementor-widget-wrap elementor-element-populated\">\n\t\t\t\t\t\t<div class=\"elementor-element elementor-element-b4ed607 elementor-widget elementor-widget-image\" data-id=\"b4ed607\" data-element_type=\"widget\" data-e-type=\"widget\" data-widget_type=\"image.default\">\n\t\t\t\t<div class=\"elementor-widget-container\">\n\t\t\t\t\t\t\t\t\t\t\t\t\t\t\t<img decoding=\"async\" data-src=\"http:\/\/www.tamismakinamermer.com\/wp-content\/uploads\/2021\/07\/MERMER-OCAK-KATALOGU-11-scaled.jpg\" title=\"\" alt=\"\" src=\"data:image\/svg+xml;base64,PHN2ZyB3aWR0aD0iMSIgaGVpZ2h0PSIxIiB4bWxucz0iaHR0cDovL3d3dy53My5vcmcvMjAwMC9zdmciPjwvc3ZnPg==\" class=\"lazyload\" \/>\t\t\t\t\t\t\t\t\t\t\t\t\t\t\t<\/div>\n\t\t\t\t<\/div>\n\t\t\t\t\t<\/div>\n\t\t<\/div>\n\t\t\t\t\t<\/div>\n\t\t<\/section>\n\t\t\t\t<section class=\"elementor-section elementor-top-section elementor-element elementor-element-ce3fadc elementor-section-stretched elementor-section-boxed elementor-section-height-default elementor-section-height-default\" data-id=\"ce3fadc\" data-element_type=\"section\" data-e-type=\"section\" data-settings=\"{&quot;stretch_section&quot;:&quot;section-stretched&quot;}\">\n\t\t\t\t\t\t<div class=\"elementor-container elementor-column-gap-default\">\n\t\t\t\t\t<div class=\"elementor-column elementor-col-100 elementor-top-column elementor-element elementor-element-d27c387\" data-id=\"d27c387\" data-element_type=\"column\" data-e-type=\"column\">\n\t\t\t<div class=\"elementor-widget-wrap elementor-element-populated\">\n\t\t\t\t\t\t<div class=\"elementor-element elementor-element-1a2f8a0 elementor-widget elementor-widget-image\" data-id=\"1a2f8a0\" data-element_type=\"widget\" data-e-type=\"widget\" data-widget_type=\"image.default\">\n\t\t\t\t<div class=\"elementor-widget-container\">\n\t\t\t\t\t\t\t\t\t\t\t\t\t\t\t<img fetchpriority=\"high\" decoding=\"async\" width=\"768\" height=\"1033\" src=\"https:\/\/www.tamismakinamermer.com\/wp-content\/uploads\/2021\/07\/MERMER-OCAK-KATALOGU-33-768x1033.jpg\" class=\"attachment-medium_large size-medium_large wp-image-683\" alt=\"\" srcset=\"https:\/\/www.tamismakinamermer.com\/wp-content\/uploads\/2021\/07\/MERMER-OCAK-KATALOGU-33-768x1033.jpg 768w, https:\/\/www.tamismakinamermer.com\/wp-content\/uploads\/2021\/07\/MERMER-OCAK-KATALOGU-33-223x300.jpg 223w, https:\/\/www.tamismakinamermer.com\/wp-content\/uploads\/2021\/07\/MERMER-OCAK-KATALOGU-33-761x1024.jpg 761w, https:\/\/www.tamismakinamermer.com\/wp-content\/uploads\/2021\/07\/MERMER-OCAK-KATALOGU-33-1142x1536.jpg 1142w, https:\/\/www.tamismakinamermer.com\/wp-content\/uploads\/2021\/07\/MERMER-OCAK-KATALOGU-33-1523x2048.jpg 1523w, https:\/\/www.tamismakinamermer.com\/wp-content\/uploads\/2021\/07\/MERMER-OCAK-KATALOGU-33-830x1116.jpg 830w, https:\/\/www.tamismakinamermer.com\/wp-content\/uploads\/2021\/07\/MERMER-OCAK-KATALOGU-33-230x309.jpg 230w, https:\/\/www.tamismakinamermer.com\/wp-content\/uploads\/2021\/07\/MERMER-OCAK-KATALOGU-33-350x471.jpg 350w, https:\/\/www.tamismakinamermer.com\/wp-content\/uploads\/2021\/07\/MERMER-OCAK-KATALOGU-33-480x646.jpg 480w, https:\/\/www.tamismakinamermer.com\/wp-content\/uploads\/2021\/07\/MERMER-OCAK-KATALOGU-33-scaled.jpg 1903w\" sizes=\"(max-width: 768px) 100vw, 768px\" \/>\t\t\t\t\t\t\t\t\t\t\t\t\t\t\t<\/div>\n\t\t\t\t<\/div>\n\t\t\t\t\t<\/div>\n\t\t<\/div>\n\t\t\t\t\t<\/div>\n\t\t<\/section>\n\t\t\t\t<section class=\"elementor-section elementor-top-section elementor-element elementor-element-032613f elementor-section-stretched elementor-section-boxed elementor-section-height-default elementor-section-height-default\" data-id=\"032613f\" data-element_type=\"section\" data-e-type=\"section\" data-settings=\"{&quot;stretch_section&quot;:&quot;section-stretched&quot;}\">\n\t\t\t\t\t\t<div class=\"elementor-container elementor-column-gap-default\">\n\t\t\t\t\t<div class=\"elementor-column elementor-col-100 elementor-top-column elementor-element elementor-element-3047c12\" data-id=\"3047c12\" data-element_type=\"column\" data-e-type=\"column\">\n\t\t\t<div class=\"elementor-widget-wrap elementor-element-populated\">\n\t\t\t\t\t\t<div class=\"elementor-element elementor-element-d174c7c elementor-widget elementor-widget-image\" data-id=\"d174c7c\" data-element_type=\"widget\" data-e-type=\"widget\" data-widget_type=\"image.default\">\n\t\t\t\t<div class=\"elementor-widget-container\">\n\t\t\t\t\t\t\t\t\t\t\t\t\t\t\t<img decoding=\"async\" data-src=\"http:\/\/www.tamismakinamermer.com\/wp-content\/uploads\/2021\/07\/MERMER-OCAK-KATALOGU-4-1-scaled.jpg\" title=\"\" alt=\"\" src=\"data:image\/svg+xml;base64,PHN2ZyB3aWR0aD0iMSIgaGVpZ2h0PSIxIiB4bWxucz0iaHR0cDovL3d3dy53My5vcmcvMjAwMC9zdmciPjwvc3ZnPg==\" class=\"lazyload\" \/>\t\t\t\t\t\t\t\t\t\t\t\t\t\t\t<\/div>\n\t\t\t\t<\/div>\n\t\t\t\t\t<\/div>\n\t\t<\/div>\n\t\t\t\t\t<\/div>\n\t\t<\/section>\n\t\t\t\t<section class=\"elementor-section elementor-top-section elementor-element elementor-element-afad7ff elementor-section-stretched elementor-section-boxed elementor-section-height-default elementor-section-height-default\" data-id=\"afad7ff\" data-element_type=\"section\" data-e-type=\"section\" data-settings=\"{&quot;stretch_section&quot;:&quot;section-stretched&quot;}\">\n\t\t\t\t\t\t<div class=\"elementor-container elementor-column-gap-default\">\n\t\t\t\t\t<div class=\"elementor-column elementor-col-100 elementor-top-column elementor-element elementor-element-24e3d7a\" data-id=\"24e3d7a\" data-element_type=\"column\" data-e-type=\"column\">\n\t\t\t<div class=\"elementor-widget-wrap elementor-element-populated\">\n\t\t\t\t\t\t<div class=\"elementor-element elementor-element-7ea879e elementor-widget elementor-widget-image\" data-id=\"7ea879e\" data-element_type=\"widget\" data-e-type=\"widget\" data-widget_type=\"image.default\">\n\t\t\t\t<div class=\"elementor-widget-container\">\n\t\t\t\t\t\t\t\t\t\t\t\t\t\t\t<img decoding=\"async\" width=\"768\" height=\"1070\" data-src=\"https:\/\/www.tamismakinamermer.com\/wp-content\/uploads\/2021\/07\/MERMER-OCAK-KATALOGU-5-768x1070.jpg\" class=\"attachment-medium_large size-medium_large wp-image-693 lazyload\" alt=\"\" data-srcset=\"https:\/\/www.tamismakinamermer.com\/wp-content\/uploads\/2021\/07\/MERMER-OCAK-KATALOGU-5-768x1070.jpg 768w, https:\/\/www.tamismakinamermer.com\/wp-content\/uploads\/2021\/07\/MERMER-OCAK-KATALOGU-5-215x300.jpg 215w, https:\/\/www.tamismakinamermer.com\/wp-content\/uploads\/2021\/07\/MERMER-OCAK-KATALOGU-5-735x1024.jpg 735w, https:\/\/www.tamismakinamermer.com\/wp-content\/uploads\/2021\/07\/MERMER-OCAK-KATALOGU-5-1102x1536.jpg 1102w, https:\/\/www.tamismakinamermer.com\/wp-content\/uploads\/2021\/07\/MERMER-OCAK-KATALOGU-5-1470x2048.jpg 1470w, https:\/\/www.tamismakinamermer.com\/wp-content\/uploads\/2021\/07\/MERMER-OCAK-KATALOGU-5-830x1157.jpg 830w, https:\/\/www.tamismakinamermer.com\/wp-content\/uploads\/2021\/07\/MERMER-OCAK-KATALOGU-5-230x320.jpg 230w, https:\/\/www.tamismakinamermer.com\/wp-content\/uploads\/2021\/07\/MERMER-OCAK-KATALOGU-5-350x488.jpg 350w, https:\/\/www.tamismakinamermer.com\/wp-content\/uploads\/2021\/07\/MERMER-OCAK-KATALOGU-5-480x669.jpg 480w, https:\/\/www.tamismakinamermer.com\/wp-content\/uploads\/2021\/07\/MERMER-OCAK-KATALOGU-5-scaled.jpg 1837w\" data-sizes=\"(max-width: 768px) 100vw, 768px\" src=\"data:image\/svg+xml;base64,PHN2ZyB3aWR0aD0iMSIgaGVpZ2h0PSIxIiB4bWxucz0iaHR0cDovL3d3dy53My5vcmcvMjAwMC9zdmciPjwvc3ZnPg==\" style=\"--smush-placeholder-width: 768px; --smush-placeholder-aspect-ratio: 768\/1070;\" \/>\t\t\t\t\t\t\t\t\t\t\t\t\t\t\t<\/div>\n\t\t\t\t<\/div>\n\t\t\t\t\t<\/div>\n\t\t<\/div>\n\t\t\t\t\t<\/div>\n\t\t<\/section>\n\t\t\t\t<section class=\"elementor-section elementor-top-section elementor-element elementor-element-92c20b8 elementor-section-stretched elementor-section-boxed elementor-section-height-default elementor-section-height-default\" data-id=\"92c20b8\" data-element_type=\"section\" data-e-type=\"section\" data-settings=\"{&quot;stretch_section&quot;:&quot;section-stretched&quot;}\">\n\t\t\t\t\t\t<div class=\"elementor-container elementor-column-gap-default\">\n\t\t\t\t\t<div class=\"elementor-column elementor-col-100 elementor-top-column elementor-element elementor-element-0b7cd41\" data-id=\"0b7cd41\" data-element_type=\"column\" data-e-type=\"column\">\n\t\t\t<div class=\"elementor-widget-wrap elementor-element-populated\">\n\t\t\t\t\t\t<div class=\"elementor-element elementor-element-8a53122 elementor-widget elementor-widget-image\" data-id=\"8a53122\" data-element_type=\"widget\" data-e-type=\"widget\" data-widget_type=\"image.default\">\n\t\t\t\t<div class=\"elementor-widget-container\">\n\t\t\t\t\t\t\t\t\t\t\t\t\t\t\t<img decoding=\"async\" width=\"768\" height=\"1024\" data-src=\"https:\/\/www.tamismakinamermer.com\/wp-content\/uploads\/2021\/07\/MERMER-OCAK-KATALOGU-6-768x1024.jpg\" class=\"attachment-medium_large size-medium_large wp-image-694 lazyload\" alt=\"\" data-srcset=\"https:\/\/www.tamismakinamermer.com\/wp-content\/uploads\/2021\/07\/MERMER-OCAK-KATALOGU-6-768x1024.jpg 768w, https:\/\/www.tamismakinamermer.com\/wp-content\/uploads\/2021\/07\/MERMER-OCAK-KATALOGU-6-225x300.jpg 225w, https:\/\/www.tamismakinamermer.com\/wp-content\/uploads\/2021\/07\/MERMER-OCAK-KATALOGU-6-1152x1536.jpg 1152w, https:\/\/www.tamismakinamermer.com\/wp-content\/uploads\/2021\/07\/MERMER-OCAK-KATALOGU-6-1535x2048.jpg 1535w, https:\/\/www.tamismakinamermer.com\/wp-content\/uploads\/2021\/07\/MERMER-OCAK-KATALOGU-6-830x1107.jpg 830w, https:\/\/www.tamismakinamermer.com\/wp-content\/uploads\/2021\/07\/MERMER-OCAK-KATALOGU-6-230x307.jpg 230w, https:\/\/www.tamismakinamermer.com\/wp-content\/uploads\/2021\/07\/MERMER-OCAK-KATALOGU-6-350x467.jpg 350w, https:\/\/www.tamismakinamermer.com\/wp-content\/uploads\/2021\/07\/MERMER-OCAK-KATALOGU-6-480x640.jpg 480w, https:\/\/www.tamismakinamermer.com\/wp-content\/uploads\/2021\/07\/MERMER-OCAK-KATALOGU-6-scaled.jpg 1919w\" data-sizes=\"(max-width: 768px) 100vw, 768px\" src=\"data:image\/svg+xml;base64,PHN2ZyB3aWR0aD0iMSIgaGVpZ2h0PSIxIiB4bWxucz0iaHR0cDovL3d3dy53My5vcmcvMjAwMC9zdmciPjwvc3ZnPg==\" style=\"--smush-placeholder-width: 768px; --smush-placeholder-aspect-ratio: 768\/1024;\" \/>\t\t\t\t\t\t\t\t\t\t\t\t\t\t\t<\/div>\n\t\t\t\t<\/div>\n\t\t\t\t\t<\/div>\n\t\t<\/div>\n\t\t\t\t\t<\/div>\n\t\t<\/section>\n\t\t\t\t<section class=\"elementor-section elementor-top-section elementor-element elementor-element-54cf1d9 elementor-section-stretched elementor-section-boxed elementor-section-height-default elementor-section-height-default\" data-id=\"54cf1d9\" data-element_type=\"section\" data-e-type=\"section\" data-settings=\"{&quot;stretch_section&quot;:&quot;section-stretched&quot;}\">\n\t\t\t\t\t\t<div class=\"elementor-container elementor-column-gap-default\">\n\t\t\t\t\t<div class=\"elementor-column elementor-col-100 elementor-top-column elementor-element elementor-element-96d6c4b\" data-id=\"96d6c4b\" data-element_type=\"column\" data-e-type=\"column\">\n\t\t\t<div class=\"elementor-widget-wrap elementor-element-populated\">\n\t\t\t\t\t\t<div class=\"elementor-element elementor-element-af4614d elementor-widget elementor-widget-image\" data-id=\"af4614d\" data-element_type=\"widget\" data-e-type=\"widget\" data-widget_type=\"image.default\">\n\t\t\t\t<div class=\"elementor-widget-container\">\n\t\t\t\t\t\t\t\t\t\t\t\t\t\t\t<img decoding=\"async\" width=\"768\" height=\"1065\" data-src=\"https:\/\/www.tamismakinamermer.com\/wp-content\/uploads\/2021\/07\/MERMER-OCAK-KATALOGU-7-768x1065.jpg\" class=\"attachment-medium_large size-medium_large wp-image-695 lazyload\" alt=\"\" data-srcset=\"https:\/\/www.tamismakinamermer.com\/wp-content\/uploads\/2021\/07\/MERMER-OCAK-KATALOGU-7-768x1065.jpg 768w, https:\/\/www.tamismakinamermer.com\/wp-content\/uploads\/2021\/07\/MERMER-OCAK-KATALOGU-7-216x300.jpg 216w, https:\/\/www.tamismakinamermer.com\/wp-content\/uploads\/2021\/07\/MERMER-OCAK-KATALOGU-7-738x1024.jpg 738w, https:\/\/www.tamismakinamermer.com\/wp-content\/uploads\/2021\/07\/MERMER-OCAK-KATALOGU-7-1108x1536.jpg 1108w, https:\/\/www.tamismakinamermer.com\/wp-content\/uploads\/2021\/07\/MERMER-OCAK-KATALOGU-7-1477x2048.jpg 1477w, https:\/\/www.tamismakinamermer.com\/wp-content\/uploads\/2021\/07\/MERMER-OCAK-KATALOGU-7-830x1151.jpg 830w, https:\/\/www.tamismakinamermer.com\/wp-content\/uploads\/2021\/07\/MERMER-OCAK-KATALOGU-7-230x319.jpg 230w, https:\/\/www.tamismakinamermer.com\/wp-content\/uploads\/2021\/07\/MERMER-OCAK-KATALOGU-7-350x485.jpg 350w, https:\/\/www.tamismakinamermer.com\/wp-content\/uploads\/2021\/07\/MERMER-OCAK-KATALOGU-7-480x666.jpg 480w, https:\/\/www.tamismakinamermer.com\/wp-content\/uploads\/2021\/07\/MERMER-OCAK-KATALOGU-7-scaled.jpg 1846w\" data-sizes=\"(max-width: 768px) 100vw, 768px\" src=\"data:image\/svg+xml;base64,PHN2ZyB3aWR0aD0iMSIgaGVpZ2h0PSIxIiB4bWxucz0iaHR0cDovL3d3dy53My5vcmcvMjAwMC9zdmciPjwvc3ZnPg==\" style=\"--smush-placeholder-width: 768px; --smush-placeholder-aspect-ratio: 768\/1065;\" \/>\t\t\t\t\t\t\t\t\t\t\t\t\t\t\t<\/div>\n\t\t\t\t<\/div>\n\t\t\t\t\t<\/div>\n\t\t<\/div>\n\t\t\t\t\t<\/div>\n\t\t<\/section>\n\t\t\t\t<\/div>\n\t\t","protected":false},"excerpt":{"rendered":"","protected":false},"author":1,"featured_media":0,"parent":0,"menu_order":0,"comment_status":"closed","ping_status":"open","template":"","meta":{"footnotes":""},"class_list":["post-15","page","type-page","status-publish","hentry"],"yoast_head":"<!-- This site is optimized with the Yoast SEO plugin v27.1.1 - https:\/\/yoast.com\/product\/yoast-seo-wordpress\/ -->\n<title>\u00dcr\u00fcnlerimiz | Tamis Makina Mermer<\/title>\n<meta name=\"robots\" content=\"index, follow, max-snippet:-1, max-image-preview:large, max-video-preview:-1\" \/>\n<link rel=\"canonical\" href=\"http:\/\/www.tamismakinamermer.com\/index.php\/urunlerimiz\/\" \/>\n<meta property=\"og:locale\" content=\"tr_TR\" \/>\n<meta property=\"og:type\" content=\"article\" \/>\n<meta property=\"og:title\" content=\"\u00dcr\u00fcnlerimiz | Tamis Makina Mermer\" \/>\n<meta property=\"og:url\" content=\"http:\/\/www.tamismakinamermer.com\/index.php\/urunlerimiz\/\" \/>\n<meta property=\"og:site_name\" content=\"Tamis Makina Mermer\" \/>\n<meta property=\"article:modified_time\" content=\"2021-07-12T20:36:43+00:00\" \/>\n<meta property=\"og:image\" content=\"http:\/\/www.tamismakinamermer.com\/wp-content\/uploads\/2021\/07\/MERMER-OCAK-KATALOGU-11-768x1054.jpg\" \/>\n<meta name=\"twitter:card\" content=\"summary_large_image\" \/>\n<script type=\"application\/ld+json\" class=\"yoast-schema-graph\">{\"@context\":\"https:\/\/schema.org\",\"@graph\":[{\"@type\":\"WebPage\",\"@id\":\"http:\/\/www.tamismakinamermer.com\/index.php\/urunlerimiz\/\",\"url\":\"http:\/\/www.tamismakinamermer.com\/index.php\/urunlerimiz\/\",\"name\":\"\u00dcr\u00fcnlerimiz | Tamis Makina Mermer\",\"isPartOf\":{\"@id\":\"http:\/\/www.tamismakinamermer.com\/#website\"},\"primaryImageOfPage\":{\"@id\":\"http:\/\/www.tamismakinamermer.com\/index.php\/urunlerimiz\/#primaryimage\"},\"image\":{\"@id\":\"http:\/\/www.tamismakinamermer.com\/index.php\/urunlerimiz\/#primaryimage\"},\"thumbnailUrl\":\"http:\/\/www.tamismakinamermer.com\/wp-content\/uploads\/2021\/07\/MERMER-OCAK-KATALOGU-11-768x1054.jpg\",\"datePublished\":\"2021-07-08T16:11:10+00:00\",\"dateModified\":\"2021-07-12T20:36:43+00:00\",\"breadcrumb\":{\"@id\":\"http:\/\/www.tamismakinamermer.com\/index.php\/urunlerimiz\/#breadcrumb\"},\"inLanguage\":\"tr\",\"potentialAction\":[{\"@type\":\"ReadAction\",\"target\":[\"http:\/\/www.tamismakinamermer.com\/index.php\/urunlerimiz\/\"]}]},{\"@type\":\"ImageObject\",\"inLanguage\":\"tr\",\"@id\":\"http:\/\/www.tamismakinamermer.com\/index.php\/urunlerimiz\/#primaryimage\",\"url\":\"http:\/\/www.tamismakinamermer.com\/wp-content\/uploads\/2021\/07\/MERMER-OCAK-KATALOGU-11-768x1054.jpg\",\"contentUrl\":\"http:\/\/www.tamismakinamermer.com\/wp-content\/uploads\/2021\/07\/MERMER-OCAK-KATALOGU-11-768x1054.jpg\"},{\"@type\":\"BreadcrumbList\",\"@id\":\"http:\/\/www.tamismakinamermer.com\/index.php\/urunlerimiz\/#breadcrumb\",\"itemListElement\":[{\"@type\":\"ListItem\",\"position\":1,\"name\":\"Anasayfa\",\"item\":\"http:\/\/www.tamismakinamermer.com\/\"},{\"@type\":\"ListItem\",\"position\":2,\"name\":\"\u00dcr\u00fcnlerimiz\"}]},{\"@type\":\"WebSite\",\"@id\":\"http:\/\/www.tamismakinamermer.com\/#website\",\"url\":\"http:\/\/www.tamismakinamermer.com\/\",\"name\":\"Tamis Makina Mermer\",\"description\":\"Mermer Makinalar\u0131 Yedek Par\u00e7alar\u0131\",\"potentialAction\":[{\"@type\":\"SearchAction\",\"target\":{\"@type\":\"EntryPoint\",\"urlTemplate\":\"http:\/\/www.tamismakinamermer.com\/?s={search_term_string}\"},\"query-input\":{\"@type\":\"PropertyValueSpecification\",\"valueRequired\":true,\"valueName\":\"search_term_string\"}}],\"inLanguage\":\"tr\"}]}<\/script>\n<!-- \/ Yoast SEO plugin. -->","yoast_head_json":{"title":"\u00dcr\u00fcnlerimiz | Tamis Makina Mermer","robots":{"index":"index","follow":"follow","max-snippet":"max-snippet:-1","max-image-preview":"max-image-preview:large","max-video-preview":"max-video-preview:-1"},"canonical":"http:\/\/www.tamismakinamermer.com\/index.php\/urunlerimiz\/","og_locale":"tr_TR","og_type":"article","og_title":"\u00dcr\u00fcnlerimiz | Tamis Makina Mermer","og_url":"http:\/\/www.tamismakinamermer.com\/index.php\/urunlerimiz\/","og_site_name":"Tamis Makina Mermer","article_modified_time":"2021-07-12T20:36:43+00:00","og_image":[{"url":"http:\/\/www.tamismakinamermer.com\/wp-content\/uploads\/2021\/07\/MERMER-OCAK-KATALOGU-11-768x1054.jpg","type":"","width":"","height":""}],"twitter_card":"summary_large_image","schema":{"@context":"https:\/\/schema.org","@graph":[{"@type":"WebPage","@id":"http:\/\/www.tamismakinamermer.com\/index.php\/urunlerimiz\/","url":"http:\/\/www.tamismakinamermer.com\/index.php\/urunlerimiz\/","name":"\u00dcr\u00fcnlerimiz | Tamis Makina Mermer","isPartOf":{"@id":"http:\/\/www.tamismakinamermer.com\/#website"},"primaryImageOfPage":{"@id":"http:\/\/www.tamismakinamermer.com\/index.php\/urunlerimiz\/#primaryimage"},"image":{"@id":"http:\/\/www.tamismakinamermer.com\/index.php\/urunlerimiz\/#primaryimage"},"thumbnailUrl":"http:\/\/www.tamismakinamermer.com\/wp-content\/uploads\/2021\/07\/MERMER-OCAK-KATALOGU-11-768x1054.jpg","datePublished":"2021-07-08T16:11:10+00:00","dateModified":"2021-07-12T20:36:43+00:00","breadcrumb":{"@id":"http:\/\/www.tamismakinamermer.com\/index.php\/urunlerimiz\/#breadcrumb"},"inLanguage":"tr","potentialAction":[{"@type":"ReadAction","target":["http:\/\/www.tamismakinamermer.com\/index.php\/urunlerimiz\/"]}]},{"@type":"ImageObject","inLanguage":"tr","@id":"http:\/\/www.tamismakinamermer.com\/index.php\/urunlerimiz\/#primaryimage","url":"http:\/\/www.tamismakinamermer.com\/wp-content\/uploads\/2021\/07\/MERMER-OCAK-KATALOGU-11-768x1054.jpg","contentUrl":"http:\/\/www.tamismakinamermer.com\/wp-content\/uploads\/2021\/07\/MERMER-OCAK-KATALOGU-11-768x1054.jpg"},{"@type":"BreadcrumbList","@id":"http:\/\/www.tamismakinamermer.com\/index.php\/urunlerimiz\/#breadcrumb","itemListElement":[{"@type":"ListItem","position":1,"name":"Anasayfa","item":"http:\/\/www.tamismakinamermer.com\/"},{"@type":"ListItem","position":2,"name":"\u00dcr\u00fcnlerimiz"}]},{"@type":"WebSite","@id":"http:\/\/www.tamismakinamermer.com\/#website","url":"http:\/\/www.tamismakinamermer.com\/","name":"Tamis Makina Mermer","description":"Mermer Makinalar\u0131 Yedek Par\u00e7alar\u0131","potentialAction":[{"@type":"SearchAction","target":{"@type":"EntryPoint","urlTemplate":"http:\/\/www.tamismakinamermer.com\/?s={search_term_string}"},"query-input":{"@type":"PropertyValueSpecification","valueRequired":true,"valueName":"search_term_string"}}],"inLanguage":"tr"}]}},"_links":{"self":[{"href":"http:\/\/www.tamismakinamermer.com\/index.php\/wp-json\/wp\/v2\/pages\/15","targetHints":{"allow":["GET"]}}],"collection":[{"href":"http:\/\/www.tamismakinamermer.com\/index.php\/wp-json\/wp\/v2\/pages"}],"about":[{"href":"http:\/\/www.tamismakinamermer.com\/index.php\/wp-json\/wp\/v2\/types\/page"}],"author":[{"embeddable":true,"href":"http:\/\/www.tamismakinamermer.com\/index.php\/wp-json\/wp\/v2\/users\/1"}],"replies":[{"embeddable":true,"href":"http:\/\/www.tamismakinamermer.com\/index.php\/wp-json\/wp\/v2\/comments?post=15"}],"version-history":[{"count":0,"href":"http:\/\/www.tamismakinamermer.com\/index.php\/wp-json\/wp\/v2\/pages\/15\/revisions"}],"wp:attachment":[{"href":"http:\/\/www.tamismakinamermer.com\/index.php\/wp-json\/wp\/v2\/media?parent=15"}],"curies":[{"name":"wp","href":"https:\/\/api.w.org\/{rel}","templated":true}]}}