{"id":13,"date":"2021-07-07T20:41:00","date_gmt":"2021-07-07T20:41:00","guid":{"rendered":"https:\/\/www.tamismakinamermer.com\/?page_id=13"},"modified":"2025-06-12T15:50:20","modified_gmt":"2025-06-12T15:50:20","slug":"hakkimizda","status":"publish","type":"page","link":"http:\/\/www.tamismakinamermer.com\/index.php\/hakkimizda\/","title":{"rendered":"Hakk\u0131m\u0131zda"},"content":{"rendered":"\t\t<div data-elementor-type=\"wp-page\" data-elementor-id=\"13\" class=\"elementor elementor-13\">\n\t\t\t\t\t\t<section class=\"elementor-section elementor-top-section elementor-element elementor-element-dfac8fd elementor-section-stretched elementor-section-boxed elementor-section-height-default elementor-section-height-default\" data-id=\"dfac8fd\" data-element_type=\"section\" data-e-type=\"section\" data-settings=\"{&quot;stretch_section&quot;:&quot;section-stretched&quot;}\">\n\t\t\t\t\t\t<div class=\"elementor-container elementor-column-gap-default\">\n\t\t\t\t\t<div class=\"elementor-column elementor-col-50 elementor-top-column elementor-element elementor-element-c3ea342\" data-id=\"c3ea342\" data-element_type=\"column\" data-e-type=\"column\">\n\t\t\t<div class=\"elementor-widget-wrap elementor-element-populated\">\n\t\t\t\t\t\t<div class=\"elementor-element elementor-element-8a482db elementor-widget elementor-widget-heading\" data-id=\"8a482db\" data-element_type=\"widget\" data-e-type=\"widget\" data-widget_type=\"heading.default\">\n\t\t\t\t<div class=\"elementor-widget-container\">\n\t\t\t\t\t<h1 class=\"elementor-heading-title elementor-size-default\">Biz Kimiz?<\/h1>\t\t\t\t<\/div>\n\t\t\t\t<\/div>\n\t\t\t\t<div class=\"elementor-element elementor-element-d419c39 elementor-widget elementor-widget-text-editor\" data-id=\"d419c39\" data-element_type=\"widget\" data-e-type=\"widget\" data-widget_type=\"text-editor.default\">\n\t\t\t\t<div class=\"elementor-widget-container\">\n\t\t\t\t\t\t\t\t\t<p>\u015eirketimiz 1987 y\u0131l\u0131nda faaliyete girmi\u015f olup alan\u0131nda k\u00f6kl\u00fc \u015firketlerdendir. B\u00fcnyesine katt\u0131\u011f\u0131 in\u015faat sekt\u00f6r\u00fc ile makine imalat alanlar\u0131nda faaliyet g\u00f6stermektedir. G\u00fcn\u00fcm\u00fczde Mermer Makine imalatlar\u0131nda bir \u00e7ok ba\u015far\u0131ya imza atm\u0131\u015f olup, ba\u015far\u0131 skalas\u0131na her yeni g\u00fcn bir yenisi yenisi eklenmektedir.<\/p>\t\t\t\t\t\t\t\t<\/div>\n\t\t\t\t<\/div>\n\t\t\t\t<div class=\"elementor-element elementor-element-163e831 skills_percentage_fix elementor-widget elementor-widget-progress\" data-id=\"163e831\" data-element_type=\"widget\" data-e-type=\"widget\" data-widget_type=\"progress.default\">\n\t\t\t\t<div class=\"elementor-widget-container\">\n\t\t\t\t\t\t\t\t<span class=\"elementor-title\" id=\"elementor-progress-bar-163e831\">\n\t\t\t\tM\u00fc\u015fteri memnuniyeti\t\t\t<\/span>\n\t\t\n\t\t<div aria-labelledby=\"elementor-progress-bar-163e831\" class=\"elementor-progress-wrapper\" role=\"progressbar\" aria-valuemin=\"0\" aria-valuemax=\"100\" aria-valuenow=\"100\">\n\t\t\t<div class=\"elementor-progress-bar\" data-max=\"100\">\n\t\t\t\t<span class=\"elementor-progress-text\"><\/span>\n\t\t\t\t\t\t\t\t\t<span class=\"elementor-progress-percentage\">100%<\/span>\n\t\t\t\t\t\t\t<\/div>\n\t\t<\/div>\n\t\t\t\t\t\t<\/div>\n\t\t\t\t<\/div>\n\t\t\t\t<div class=\"elementor-element elementor-element-9390ca3 skills_percentage_fix elementor-widget elementor-widget-progress\" data-id=\"9390ca3\" data-element_type=\"widget\" data-e-type=\"widget\" data-widget_type=\"progress.default\">\n\t\t\t\t<div class=\"elementor-widget-container\">\n\t\t\t\t\t\t\t\t<span class=\"elementor-title\" id=\"elementor-progress-bar-9390ca3\">\n\t\t\t\tkaliteli hizmet\t\t\t<\/span>\n\t\t\n\t\t<div aria-labelledby=\"elementor-progress-bar-9390ca3\" class=\"elementor-progress-wrapper\" role=\"progressbar\" aria-valuemin=\"0\" aria-valuemax=\"100\" aria-valuenow=\"100\">\n\t\t\t<div class=\"elementor-progress-bar\" data-max=\"100\">\n\t\t\t\t<span class=\"elementor-progress-text\"><\/span>\n\t\t\t\t\t\t\t\t\t<span class=\"elementor-progress-percentage\">100%<\/span>\n\t\t\t\t\t\t\t<\/div>\n\t\t<\/div>\n\t\t\t\t\t\t<\/div>\n\t\t\t\t<\/div>\n\t\t\t\t<div class=\"elementor-element elementor-element-926b022 skills_percentage_fix elementor-widget elementor-widget-progress\" data-id=\"926b022\" data-element_type=\"widget\" data-e-type=\"widget\" data-widget_type=\"progress.default\">\n\t\t\t\t<div class=\"elementor-widget-container\">\n\t\t\t\t\t\t\t\t<span class=\"elementor-title\" id=\"elementor-progress-bar-926b022\">\n\t\t\t\t\u00fcr\u00fcnlerin kalitesi\t\t\t<\/span>\n\t\t\n\t\t<div aria-labelledby=\"elementor-progress-bar-926b022\" class=\"elementor-progress-wrapper\" role=\"progressbar\" aria-valuemin=\"0\" aria-valuemax=\"100\" aria-valuenow=\"100\">\n\t\t\t<div class=\"elementor-progress-bar\" data-max=\"100\">\n\t\t\t\t<span class=\"elementor-progress-text\"><\/span>\n\t\t\t\t\t\t\t\t\t<span class=\"elementor-progress-percentage\">100%<\/span>\n\t\t\t\t\t\t\t<\/div>\n\t\t<\/div>\n\t\t\t\t\t\t<\/div>\n\t\t\t\t<\/div>\n\t\t\t\t<div class=\"elementor-element elementor-element-d18da9a skills_percentage_fix elementor-widget elementor-widget-progress\" data-id=\"d18da9a\" data-element_type=\"widget\" data-e-type=\"widget\" data-widget_type=\"progress.default\">\n\t\t\t\t<div class=\"elementor-widget-container\">\n\t\t\t\t\t\t\t\t<span class=\"elementor-title\" id=\"elementor-progress-bar-d18da9a\">\n\t\t\t\tba\u015far\u0131\t\t\t<\/span>\n\t\t\n\t\t<div aria-labelledby=\"elementor-progress-bar-d18da9a\" class=\"elementor-progress-wrapper\" role=\"progressbar\" aria-valuemin=\"0\" aria-valuemax=\"100\" aria-valuenow=\"100\">\n\t\t\t<div class=\"elementor-progress-bar\" data-max=\"100\">\n\t\t\t\t<span class=\"elementor-progress-text\"><\/span>\n\t\t\t\t\t\t\t\t\t<span class=\"elementor-progress-percentage\">100%<\/span>\n\t\t\t\t\t\t\t<\/div>\n\t\t<\/div>\n\t\t\t\t\t\t<\/div>\n\t\t\t\t<\/div>\n\t\t\t\t\t<\/div>\n\t\t<\/div>\n\t\t\t\t<div class=\"elementor-column elementor-col-50 elementor-top-column elementor-element elementor-element-bf1f45f\" data-id=\"bf1f45f\" data-element_type=\"column\" data-e-type=\"column\">\n\t\t\t<div class=\"elementor-widget-wrap elementor-element-populated\">\n\t\t\t\t\t\t<div class=\"elementor-element elementor-element-3448d2b elementor-widget elementor-widget-image\" data-id=\"3448d2b\" data-element_type=\"widget\" data-e-type=\"widget\" data-widget_type=\"image.default\">\n\t\t\t\t<div class=\"elementor-widget-container\">\n\t\t\t\t\t\t\t\t\t\t\t\t\t\t\t<img decoding=\"async\" data-src=\"http:\/\/www.tamismakinamermer.com\/wp-content\/uploads\/2021\/07\/tamis-tanim.jpg\" title=\"\" alt=\"\" src=\"data:image\/svg+xml;base64,PHN2ZyB3aWR0aD0iMSIgaGVpZ2h0PSIxIiB4bWxucz0iaHR0cDovL3d3dy53My5vcmcvMjAwMC9zdmciPjwvc3ZnPg==\" class=\"lazyload\" \/>\t\t\t\t\t\t\t\t\t\t\t\t\t\t\t<\/div>\n\t\t\t\t<\/div>\n\t\t\t\t\t<\/div>\n\t\t<\/div>\n\t\t\t\t\t<\/div>\n\t\t<\/section>\n\t\t\t\t<section class=\"elementor-section elementor-top-section elementor-element elementor-element-6f2a4d2 elementor-section-stretched elementor-section-boxed elementor-section-height-default elementor-section-height-default\" data-id=\"6f2a4d2\" data-element_type=\"section\" data-e-type=\"section\" data-settings=\"{&quot;stretch_section&quot;:&quot;section-stretched&quot;}\">\n\t\t\t\t\t\t<div class=\"elementor-container elementor-column-gap-default\">\n\t\t\t\t\t<div class=\"elementor-column elementor-col-50 elementor-top-column elementor-element elementor-element-40a1f95\" data-id=\"40a1f95\" data-element_type=\"column\" data-e-type=\"column\">\n\t\t\t<div class=\"elementor-widget-wrap elementor-element-populated\">\n\t\t\t\t\t\t<div class=\"elementor-element elementor-element-b9bd8d2 elementor-widget elementor-widget-google_maps\" data-id=\"b9bd8d2\" data-element_type=\"widget\" data-e-type=\"widget\" data-widget_type=\"google_maps.default\">\n\t\t\t\t<div class=\"elementor-widget-container\">\n\t\t\t\t\t\t\t<div class=\"elementor-custom-embed\">\n\t\t\t<iframe\n\t\t\t\t\tdata-src=\"https:\/\/maps.google.com\/maps?q=Ba%C4%9Fl%C4%B1ca%20Bulvar%C4%B1%2043%20%2F%205%20Etimesgut%20Ankara&#038;t=m&#038;z=16&#038;output=embed&#038;iwloc=near\"\n\t\t\t\t\ttitle=\"Ba\u011fl\u0131ca Bulvar\u0131 43 \/ 5 Etimesgut Ankara\"\n\t\t\t\t\taria-label=\"Ba\u011fl\u0131ca Bulvar\u0131 43 \/ 5 Etimesgut Ankara\"\n\t\t\t src=\"data:image\/svg+xml;base64,PHN2ZyB3aWR0aD0iMSIgaGVpZ2h0PSIxIiB4bWxucz0iaHR0cDovL3d3dy53My5vcmcvMjAwMC9zdmciPjwvc3ZnPg==\" class=\"lazyload\" data-load-mode=\"1\"><\/iframe>\n\t\t<\/div>\n\t\t\t\t\t\t<\/div>\n\t\t\t\t<\/div>\n\t\t\t\t\t<\/div>\n\t\t<\/div>\n\t\t\t\t<div class=\"elementor-column elementor-col-50 elementor-top-column elementor-element elementor-element-6d87268\" data-id=\"6d87268\" data-element_type=\"column\" data-e-type=\"column\">\n\t\t\t<div class=\"elementor-widget-wrap elementor-element-populated\">\n\t\t\t\t\t\t<div class=\"elementor-element elementor-element-303dc58 elementor-widget elementor-widget-text-editor\" data-id=\"303dc58\" data-element_type=\"widget\" data-e-type=\"widget\" data-widget_type=\"text-editor.default\">\n\t\t\t\t<div class=\"elementor-widget-container\">\n\t\t\t\t\t\t\t\t\t<div class=\"forminator-ui forminator-custom-form forminator-custom-form-711 forminator-design--default  forminator_ajax\" data-forminator-render=\"0\" data-form=\"forminator-module-711\" data-uid=\"69f3245a4e765\"><br\/><\/div><form\n\t\t\t\tid=\"forminator-module-711\"\n\t\t\t\tclass=\"forminator-ui forminator-custom-form forminator-custom-form-711 forminator-design--default  forminator_ajax\"\n\t\t\t\tmethod=\"post\"\n\t\t\t\tdata-forminator-render=\"0\"\n\t\t\t\tdata-form-id=\"711\"\n\t\t\t\t data-color-option=\"default\" data-design=\"default\" data-grid=\"open\" style=\"display: none;\"\n\t\t\t\tdata-uid=\"69f3245a4e765\"\n\t\t\t><div role=\"alert\" aria-live=\"polite\" class=\"forminator-response-message forminator-error\" aria-hidden=\"true\"><\/div><div class=\"forminator-row\"><div id=\"name-1\" class=\"forminator-field-name forminator-col forminator-col-6 \"><div class=\"forminator-field\"><label for=\"forminator-field-name-1_69f3245a4e765\" id=\"forminator-field-name-1_69f3245a4e765-label\" class=\"forminator-label\">Ad\u0131n\u0131z Soyad\u0131n\u0131z <span class=\"forminator-required\">*<\/span><\/label><input type=\"text\" name=\"name-1\" value=\"\" placeholder=\"\" id=\"forminator-field-name-1_69f3245a4e765\" class=\"forminator-input forminator-name--field\" aria-required=\"true\" autocomplete=\"name\" aria-describedby=\"forminator-field-name-1_69f3245a4e765-description\" \/><span id=\"forminator-field-name-1_69f3245a4e765-description\" class=\"forminator-description\">zorunlu alan<\/span><\/div><\/div><div id=\"email-1\" class=\"forminator-field-email forminator-col forminator-col-6 \"><div class=\"forminator-field\"><label for=\"forminator-field-email-1_69f3245a4e765\" id=\"forminator-field-email-1_69f3245a4e765-label\" class=\"forminator-label\">E-posta Adresiniz <span class=\"forminator-required\">*<\/span><\/label><input type=\"email\" name=\"email-1\" value=\"\" placeholder=\"\" id=\"forminator-field-email-1_69f3245a4e765\" class=\"forminator-input forminator-email--field\" data-required=\"true\" aria-required=\"true\" autocomplete=\"email\" aria-describedby=\"forminator-field-email-1_69f3245a4e765-description\" \/><span id=\"forminator-field-email-1_69f3245a4e765-description\" class=\"forminator-description\">zorunlu alan<\/span><\/div><\/div><\/div><div class=\"forminator-row\"><div id=\"phone-1\" class=\"forminator-field-phone forminator-col forminator-col-12 \"><div class=\"forminator-field\"><label for=\"forminator-field-phone-1_69f3245a4e765\" id=\"forminator-field-phone-1_69f3245a4e765-label\" class=\"forminator-label\">Telefon Numaras\u0131<\/label><input type=\"text\" name=\"phone-1\" value=\"\" placeholder=\"+90\" id=\"forminator-field-phone-1_69f3245a4e765\" class=\"forminator-input forminator-field--phone\" data-required=\"\" aria-required=\"false\" autocomplete=\"off\" \/><\/div><\/div><\/div><div class=\"forminator-row\"><div id=\"textarea-1\" class=\"forminator-field-textarea forminator-col forminator-col-12 \"><div class=\"forminator-field\"><label for=\"forminator-field-textarea-1_69f3245a4e765\" id=\"forminator-field-textarea-1_69f3245a4e765-label\" class=\"forminator-label\">Mesaj\u0131n\u0131z<\/label><textarea name=\"textarea-1\" placeholder=\"Mesaj\u0131n\u0131z\u0131 giriniz...\" id=\"forminator-field-textarea-1_69f3245a4e765\" class=\"forminator-textarea\" rows=\"6\" style=\"min-height:140px;\" maxlength=\"180\" ><\/textarea><span id=\"forminator-field-textarea-1_69f3245a4e765-description\" class=\"forminator-description\"><span data-limit=\"180\" data-type=\"characters\" data-editor=\"\">0 \/ 180<\/span><\/span><\/div><\/div><\/div><input type=\"hidden\" name=\"referer_url\" value=\"\" \/><div class=\"forminator-row forminator-row-last\"><div class=\"forminator-col\"><div class=\"forminator-field\"><button class=\"forminator-button forminator-button-submit\">Mesaj G&ouml;nder<\/button><\/div><\/div><\/div><input type=\"hidden\" id=\"forminator_nonce\" name=\"forminator_nonce\" value=\"adea52dd1a\" \/><input type=\"hidden\" name=\"_wp_http_referer\" value=\"\/index.php\/wp-json\/wp\/v2\/pages\/13\" \/><input type=\"hidden\" name=\"form_id\" value=\"711\"><input type=\"hidden\" name=\"page_id\" value=\"13\"><input type=\"hidden\" name=\"form_type\" value=\"default\"><input type=\"hidden\" name=\"current_url\" value=\"http:\/\/www.tamismakinamermer.com\/index.php\/hakkimizda\/\"><input type=\"hidden\" name=\"render_id\" value=\"0\"><input type=\"hidden\" name=\"action\" value=\"forminator_submit_form_custom-forms\"><\/form>\t\t\t\t\t\t\t\t<\/div>\n\t\t\t\t<\/div>\n\t\t\t\t\t<\/div>\n\t\t<\/div>\n\t\t\t\t\t<\/div>\n\t\t<\/section>\n\t\t\t\t<\/div>\n\t\t","protected":false},"excerpt":{"rendered":"<p>Biz Kimiz? \u015eirketimiz 1987 y\u0131l\u0131nda faaliyete girmi\u015f olup alan\u0131nda k\u00f6kl\u00fc \u015firketlerdendir. B\u00fcnyesine katt\u0131\u011f\u0131 in\u015faat sekt\u00f6r\u00fc ile makine imalat alanlar\u0131nda faaliyet g\u00f6stermektedir. G\u00fcn\u00fcm\u00fczde [&hellip;]<\/p>\n","protected":false},"author":1,"featured_media":0,"parent":0,"menu_order":0,"comment_status":"closed","ping_status":"open","template":"","meta":{"footnotes":""},"class_list":["post-13","page","type-page","status-publish","hentry"],"yoast_head":"<!-- This site is optimized with the Yoast SEO plugin v27.1.1 - https:\/\/yoast.com\/product\/yoast-seo-wordpress\/ -->\n<title>Hakk\u0131m\u0131zda | Tamis Makina Mermer<\/title>\n<meta name=\"robots\" content=\"index, follow, max-snippet:-1, max-image-preview:large, max-video-preview:-1\" \/>\n<link rel=\"canonical\" href=\"http:\/\/www.tamismakinamermer.com\/index.php\/hakkimizda\/\" \/>\n<meta property=\"og:locale\" content=\"tr_TR\" \/>\n<meta property=\"og:type\" content=\"article\" \/>\n<meta property=\"og:title\" content=\"Hakk\u0131m\u0131zda | Tamis Makina Mermer\" \/>\n<meta property=\"og:description\" content=\"Biz Kimiz? \u015eirketimiz 1987 y\u0131l\u0131nda faaliyete girmi\u015f olup alan\u0131nda k\u00f6kl\u00fc \u015firketlerdendir. B\u00fcnyesine katt\u0131\u011f\u0131 in\u015faat sekt\u00f6r\u00fc ile makine imalat alanlar\u0131nda faaliyet g\u00f6stermektedir. G\u00fcn\u00fcm\u00fczde [&hellip;]\" \/>\n<meta property=\"og:url\" content=\"http:\/\/www.tamismakinamermer.com\/index.php\/hakkimizda\/\" \/>\n<meta property=\"og:site_name\" content=\"Tamis Makina Mermer\" \/>\n<meta property=\"article:modified_time\" content=\"2025-06-12T15:50:20+00:00\" \/>\n<meta property=\"og:image\" content=\"http:\/\/www.tamismakinamermer.com\/wp-content\/uploads\/2021\/07\/tamis-tanim.jpg\" \/>\n<meta name=\"twitter:card\" content=\"summary_large_image\" \/>\n<script type=\"application\/ld+json\" class=\"yoast-schema-graph\">{\"@context\":\"https:\/\/schema.org\",\"@graph\":[{\"@type\":\"WebPage\",\"@id\":\"http:\/\/www.tamismakinamermer.com\/index.php\/hakkimizda\/\",\"url\":\"http:\/\/www.tamismakinamermer.com\/index.php\/hakkimizda\/\",\"name\":\"Hakk\u0131m\u0131zda | Tamis Makina Mermer\",\"isPartOf\":{\"@id\":\"http:\/\/www.tamismakinamermer.com\/#website\"},\"primaryImageOfPage\":{\"@id\":\"http:\/\/www.tamismakinamermer.com\/index.php\/hakkimizda\/#primaryimage\"},\"image\":{\"@id\":\"http:\/\/www.tamismakinamermer.com\/index.php\/hakkimizda\/#primaryimage\"},\"thumbnailUrl\":\"http:\/\/www.tamismakinamermer.com\/wp-content\/uploads\/2021\/07\/tamis-tanim.jpg\",\"datePublished\":\"2021-07-07T20:41:00+00:00\",\"dateModified\":\"2025-06-12T15:50:20+00:00\",\"breadcrumb\":{\"@id\":\"http:\/\/www.tamismakinamermer.com\/index.php\/hakkimizda\/#breadcrumb\"},\"inLanguage\":\"tr\",\"potentialAction\":[{\"@type\":\"ReadAction\",\"target\":[\"http:\/\/www.tamismakinamermer.com\/index.php\/hakkimizda\/\"]}]},{\"@type\":\"ImageObject\",\"inLanguage\":\"tr\",\"@id\":\"http:\/\/www.tamismakinamermer.com\/index.php\/hakkimizda\/#primaryimage\",\"url\":\"http:\/\/www.tamismakinamermer.com\/wp-content\/uploads\/2021\/07\/tamis-tanim.jpg\",\"contentUrl\":\"http:\/\/www.tamismakinamermer.com\/wp-content\/uploads\/2021\/07\/tamis-tanim.jpg\"},{\"@type\":\"BreadcrumbList\",\"@id\":\"http:\/\/www.tamismakinamermer.com\/index.php\/hakkimizda\/#breadcrumb\",\"itemListElement\":[{\"@type\":\"ListItem\",\"position\":1,\"name\":\"Anasayfa\",\"item\":\"http:\/\/www.tamismakinamermer.com\/\"},{\"@type\":\"ListItem\",\"position\":2,\"name\":\"Hakk\u0131m\u0131zda\"}]},{\"@type\":\"WebSite\",\"@id\":\"http:\/\/www.tamismakinamermer.com\/#website\",\"url\":\"http:\/\/www.tamismakinamermer.com\/\",\"name\":\"Tamis Makina Mermer\",\"description\":\"Mermer Makinalar\u0131 Yedek Par\u00e7alar\u0131\",\"potentialAction\":[{\"@type\":\"SearchAction\",\"target\":{\"@type\":\"EntryPoint\",\"urlTemplate\":\"http:\/\/www.tamismakinamermer.com\/?s={search_term_string}\"},\"query-input\":{\"@type\":\"PropertyValueSpecification\",\"valueRequired\":true,\"valueName\":\"search_term_string\"}}],\"inLanguage\":\"tr\"}]}<\/script>\n<!-- \/ Yoast SEO plugin. -->","yoast_head_json":{"title":"Hakk\u0131m\u0131zda | Tamis Makina Mermer","robots":{"index":"index","follow":"follow","max-snippet":"max-snippet:-1","max-image-preview":"max-image-preview:large","max-video-preview":"max-video-preview:-1"},"canonical":"http:\/\/www.tamismakinamermer.com\/index.php\/hakkimizda\/","og_locale":"tr_TR","og_type":"article","og_title":"Hakk\u0131m\u0131zda | Tamis Makina Mermer","og_description":"Biz Kimiz? \u015eirketimiz 1987 y\u0131l\u0131nda faaliyete girmi\u015f olup alan\u0131nda k\u00f6kl\u00fc \u015firketlerdendir. B\u00fcnyesine katt\u0131\u011f\u0131 in\u015faat sekt\u00f6r\u00fc ile makine imalat alanlar\u0131nda faaliyet g\u00f6stermektedir. G\u00fcn\u00fcm\u00fczde [&hellip;]","og_url":"http:\/\/www.tamismakinamermer.com\/index.php\/hakkimizda\/","og_site_name":"Tamis Makina Mermer","article_modified_time":"2025-06-12T15:50:20+00:00","og_image":[{"url":"http:\/\/www.tamismakinamermer.com\/wp-content\/uploads\/2021\/07\/tamis-tanim.jpg","type":"","width":"","height":""}],"twitter_card":"summary_large_image","schema":{"@context":"https:\/\/schema.org","@graph":[{"@type":"WebPage","@id":"http:\/\/www.tamismakinamermer.com\/index.php\/hakkimizda\/","url":"http:\/\/www.tamismakinamermer.com\/index.php\/hakkimizda\/","name":"Hakk\u0131m\u0131zda | Tamis Makina Mermer","isPartOf":{"@id":"http:\/\/www.tamismakinamermer.com\/#website"},"primaryImageOfPage":{"@id":"http:\/\/www.tamismakinamermer.com\/index.php\/hakkimizda\/#primaryimage"},"image":{"@id":"http:\/\/www.tamismakinamermer.com\/index.php\/hakkimizda\/#primaryimage"},"thumbnailUrl":"http:\/\/www.tamismakinamermer.com\/wp-content\/uploads\/2021\/07\/tamis-tanim.jpg","datePublished":"2021-07-07T20:41:00+00:00","dateModified":"2025-06-12T15:50:20+00:00","breadcrumb":{"@id":"http:\/\/www.tamismakinamermer.com\/index.php\/hakkimizda\/#breadcrumb"},"inLanguage":"tr","potentialAction":[{"@type":"ReadAction","target":["http:\/\/www.tamismakinamermer.com\/index.php\/hakkimizda\/"]}]},{"@type":"ImageObject","inLanguage":"tr","@id":"http:\/\/www.tamismakinamermer.com\/index.php\/hakkimizda\/#primaryimage","url":"http:\/\/www.tamismakinamermer.com\/wp-content\/uploads\/2021\/07\/tamis-tanim.jpg","contentUrl":"http:\/\/www.tamismakinamermer.com\/wp-content\/uploads\/2021\/07\/tamis-tanim.jpg"},{"@type":"BreadcrumbList","@id":"http:\/\/www.tamismakinamermer.com\/index.php\/hakkimizda\/#breadcrumb","itemListElement":[{"@type":"ListItem","position":1,"name":"Anasayfa","item":"http:\/\/www.tamismakinamermer.com\/"},{"@type":"ListItem","position":2,"name":"Hakk\u0131m\u0131zda"}]},{"@type":"WebSite","@id":"http:\/\/www.tamismakinamermer.com\/#website","url":"http:\/\/www.tamismakinamermer.com\/","name":"Tamis Makina Mermer","description":"Mermer Makinalar\u0131 Yedek Par\u00e7alar\u0131","potentialAction":[{"@type":"SearchAction","target":{"@type":"EntryPoint","urlTemplate":"http:\/\/www.tamismakinamermer.com\/?s={search_term_string}"},"query-input":{"@type":"PropertyValueSpecification","valueRequired":true,"valueName":"search_term_string"}}],"inLanguage":"tr"}]}},"_links":{"self":[{"href":"http:\/\/www.tamismakinamermer.com\/index.php\/wp-json\/wp\/v2\/pages\/13","targetHints":{"allow":["GET"]}}],"collection":[{"href":"http:\/\/www.tamismakinamermer.com\/index.php\/wp-json\/wp\/v2\/pages"}],"about":[{"href":"http:\/\/www.tamismakinamermer.com\/index.php\/wp-json\/wp\/v2\/types\/page"}],"author":[{"embeddable":true,"href":"http:\/\/www.tamismakinamermer.com\/index.php\/wp-json\/wp\/v2\/users\/1"}],"replies":[{"embeddable":true,"href":"http:\/\/www.tamismakinamermer.com\/index.php\/wp-json\/wp\/v2\/comments?post=13"}],"version-history":[{"count":0,"href":"http:\/\/www.tamismakinamermer.com\/index.php\/wp-json\/wp\/v2\/pages\/13\/revisions"}],"wp:attachment":[{"href":"http:\/\/www.tamismakinamermer.com\/index.php\/wp-json\/wp\/v2\/media?parent=13"}],"curies":[{"name":"wp","href":"https:\/\/api.w.org\/{rel}","templated":true}]}}